{"id":5699,"date":"2019-07-03T07:56:59","date_gmt":"2019-07-03T07:56:59","guid":{"rendered":"https:\/\/eufonic.collserola.com\/?page_id=5699"},"modified":"2025-09-09T12:08:54","modified_gmt":"2025-09-09T10:08:54","slug":"eufonic-pro","status":"publish","type":"page","link":"https:\/\/eufonic.net\/es\/eufonic-pro\/","title":{"rendered":"Euf\u00f2nic Pro"},"content":{"rendered":"<p><strong>Euf\u00f2nic Pro<\/strong> &#8211; Terres de l&#8217;Ebre es el encuentro profesional de Euf\u00f2nic en la <strong>Escola d\u2019Art i Cultura de Tortosa<\/strong>. Un espacio que invita a profesionales, programadoras, comisarias y gestores culturales nacionales e internacionales a conectar con creadores y artistas. Con <strong>Ant\u00f2nia Folguera<\/strong> y <strong>Marta Oliveres<\/strong>, como comisarias, este espacio propone un di\u00e1logo entre lo digital y lo performativo, abordando los nexos de conexi\u00f3n que vinculan el arte con la ciencia, y prestando especial atenci\u00f3n a todo lo que ha conformado Euf\u00f2nic al largo de estos a\u00f1os: la investigaci\u00f3n del cuerpo, la exploraci\u00f3n sonora, la relaci\u00f3n con la ciencia y la biolog\u00eda, la performatividad digital o la intersecci\u00f3n entre disciplinas con un claro componente investigador.<\/p>\n<p><img loading=\"lazy\" decoding=\"async\" class=\"aligncenter wp-image-13827 size-large\" src=\"https:\/\/eufonic.net\/wp-content\/uploads\/noti_web_pro2-1024x506.jpg\" alt=\"\" width=\"1024\" height=\"506\" srcset=\"https:\/\/eufonic.net\/wp-content\/uploads\/noti_web_pro2-1024x506.jpg 1024w, https:\/\/eufonic.net\/wp-content\/uploads\/noti_web_pro2-400x198.jpg 400w, https:\/\/eufonic.net\/wp-content\/uploads\/noti_web_pro2-768x380.jpg 768w, https:\/\/eufonic.net\/wp-content\/uploads\/noti_web_pro2.jpg 1193w\" sizes=\"auto, (max-width: 1024px) 100vw, 1024px\" \/><\/p>\n<p><em>Euf\u00f2nic Pro, el encuentro profesional de Euf\u00f2nic, es una coproducci\u00f3n de<\/em><\/p>\n<p><img loading=\"lazy\" decoding=\"async\" class=\"alignnone wp-image-11440\" src=\"https:\/\/eufonic.net\/wp-content\/uploads\/LOGOS_PRO.jpg\" alt=\"logos Euf\u00f2nic PRO - coproducci\u00f3 \" width=\"584\" height=\"61\" srcset=\"https:\/\/eufonic.net\/wp-content\/uploads\/LOGOS_PRO.jpg 1024w, https:\/\/eufonic.net\/wp-content\/uploads\/LOGOS_PRO-400x42.jpg 400w, https:\/\/eufonic.net\/wp-content\/uploads\/LOGOS_PRO-768x80.jpg 768w\" sizes=\"auto, (max-width: 584px) 100vw, 584px\" \/><\/p>\n<p><em>Con el apoyo de<\/em><\/p>\n<p><img loading=\"lazy\" decoding=\"async\" class=\"aligncenter wp-image-13160 \" src=\"https:\/\/eufonic.net\/wp-content\/uploads\/eufonic-logos-pro-3-1536x161_ok-400x35.jpg\" alt=\"\" width=\"606\" height=\"53\" srcset=\"https:\/\/eufonic.net\/wp-content\/uploads\/eufonic-logos-pro-3-1536x161_ok-400x35.jpg 400w, https:\/\/eufonic.net\/wp-content\/uploads\/eufonic-logos-pro-3-1536x161_ok-1024x89.jpg 1024w, https:\/\/eufonic.net\/wp-content\/uploads\/eufonic-logos-pro-3-1536x161_ok-768x67.jpg 768w, https:\/\/eufonic.net\/wp-content\/uploads\/eufonic-logos-pro-3-1536x161_ok-1536x134.jpg 1536w, https:\/\/eufonic.net\/wp-content\/uploads\/eufonic-logos-pro-3-1536x161_ok.jpg 1850w\" sizes=\"auto, (max-width: 606px) 100vw, 606px\" \/><\/p>\n","protected":false},"excerpt":{"rendered":"<p>Euf\u00f2nic Pro &#8211; Terres de l&#8217;Ebre es el encuentro profesional de Euf\u00f2nic en la Escola d\u2019Art i Cultura de Tortosa. Un espacio que invita a profesionales, programadoras, comisarias y gestores culturales nacionales e internacionales a conectar con creadores y artistas. Con Ant\u00f2nia Folguera y Marta Oliveres, como comisarias, este espacio propone un di\u00e1logo entre lo&#8230;<\/p>\n","protected":false},"author":2,"featured_media":13061,"parent":0,"menu_order":2,"comment_status":"closed","ping_status":"closed","template":"pages\/page-pro.php","meta":{"_acf_changed":false,"footnotes":""},"class_list":["post-5699","page","type-page","status-publish","has-post-thumbnail","hentry"],"acf":[],"yoast_head":"<!-- This site is optimized with the Yoast SEO plugin v27.4 - https:\/\/yoast.com\/product\/yoast-seo-wordpress\/ -->\n<title>Euf\u00f2nic Pro<\/title>\n<meta name=\"description\" content=\"Conecta con programadoras, comisarias, gestoras culturales, creadoras y artistas en Euf\u00f2nic PRO, el encuentro profesional de Euf\u00f2nic\" \/>\n<meta name=\"robots\" content=\"index, follow, max-snippet:-1, max-image-preview:large, max-video-preview:-1\" \/>\n<link rel=\"canonical\" href=\"https:\/\/eufonic.net\/es\/eufonic-pro\/\" \/>\n<meta property=\"og:locale\" content=\"es_ES\" \/>\n<meta property=\"og:locale:alternate\" content=\"ca\" \/>\n<meta property=\"og:locale:alternate\" content=\"en_US\" \/>\n<meta property=\"og:type\" content=\"article\" \/>\n<meta property=\"og:title\" content=\"Euf\u00f2nic Pro\" \/>\n<meta property=\"og:description\" content=\"Conecta con programadoras, comisarias, gestoras culturales, creadoras y artistas en Euf\u00f2nic PRO, el encuentro profesional de Euf\u00f2nic\" \/>\n<meta property=\"og:url\" content=\"https:\/\/eufonic.net\/es\/eufonic-pro\/\" \/>\n<meta property=\"og:site_name\" content=\"Euf\u00f2nic\" \/>\n<meta property=\"article:publisher\" content=\"https:\/\/www.facebook.com\/Eufonic\/\" \/>\n<meta property=\"article:modified_time\" content=\"2025-09-09T10:08:54+00:00\" \/>\n<meta property=\"og:image\" content=\"https:\/\/eufonic.net\/wp-content\/uploads\/noti_web_pro.jpg\" \/>\n\t<meta property=\"og:image:width\" content=\"1193\" \/>\n\t<meta property=\"og:image:height\" content=\"600\" \/>\n\t<meta property=\"og:image:type\" content=\"image\/jpeg\" \/>\n<meta name=\"twitter:card\" content=\"summary_large_image\" \/>\n<meta name=\"twitter:site\" content=\"@eufonic_fest\" \/>\n<meta name=\"twitter:label1\" content=\"Tiempo de lectura\" \/>\n\t<meta name=\"twitter:data1\" content=\"2 minutos\" \/>\n<script type=\"application\/ld+json\" class=\"yoast-schema-graph\">{\"@context\":\"https:\\\/\\\/schema.org\",\"@graph\":[{\"@type\":\"WebPage\",\"@id\":\"https:\\\/\\\/eufonic.net\\\/en\\\/eufonic-pro\\\/\",\"url\":\"https:\\\/\\\/eufonic.net\\\/en\\\/eufonic-pro\\\/\",\"name\":\"Euf\u00f2nic Pro\",\"isPartOf\":{\"@id\":\"https:\\\/\\\/eufonic.net\\\/#website\"},\"primaryImageOfPage\":{\"@id\":\"https:\\\/\\\/eufonic.net\\\/en\\\/eufonic-pro\\\/#primaryimage\"},\"image\":{\"@id\":\"https:\\\/\\\/eufonic.net\\\/en\\\/eufonic-pro\\\/#primaryimage\"},\"thumbnailUrl\":\"https:\\\/\\\/eufonic.net\\\/wp-content\\\/uploads\\\/noti_web_pro.jpg\",\"datePublished\":\"2019-07-03T07:56:59+00:00\",\"dateModified\":\"2025-09-09T10:08:54+00:00\",\"description\":\"Conecta con programadoras, comisarias, gestoras culturales, creadoras y artistas en Euf\u00f2nic PRO, el encuentro profesional de Euf\u00f2nic\",\"breadcrumb\":{\"@id\":\"https:\\\/\\\/eufonic.net\\\/en\\\/eufonic-pro\\\/#breadcrumb\"},\"inLanguage\":\"es-ES\",\"potentialAction\":[{\"@type\":\"ReadAction\",\"target\":[\"https:\\\/\\\/eufonic.net\\\/en\\\/eufonic-pro\\\/\"]}]},{\"@type\":\"ImageObject\",\"inLanguage\":\"es-ES\",\"@id\":\"https:\\\/\\\/eufonic.net\\\/en\\\/eufonic-pro\\\/#primaryimage\",\"url\":\"https:\\\/\\\/eufonic.net\\\/wp-content\\\/uploads\\\/noti_web_pro.jpg\",\"contentUrl\":\"https:\\\/\\\/eufonic.net\\\/wp-content\\\/uploads\\\/noti_web_pro.jpg\",\"width\":1193,\"height\":600,\"caption\":\"Euf\u00f2nic PRO 2025 - inscripcions obertes\"},{\"@type\":\"BreadcrumbList\",\"@id\":\"https:\\\/\\\/eufonic.net\\\/en\\\/eufonic-pro\\\/#breadcrumb\",\"itemListElement\":[{\"@type\":\"ListItem\",\"position\":1,\"name\":\"Inici\",\"item\":\"https:\\\/\\\/eufonic.net\\\/\"},{\"@type\":\"ListItem\",\"position\":2,\"name\":\"Euf\u00f2nic Pro\"}]},{\"@type\":\"WebSite\",\"@id\":\"https:\\\/\\\/eufonic.net\\\/#website\",\"url\":\"https:\\\/\\\/eufonic.net\\\/\",\"name\":\"Euf\u00f2nic\",\"description\":\"Euf\u00f2nic 2023\",\"publisher\":{\"@id\":\"https:\\\/\\\/eufonic.net\\\/#organization\"},\"potentialAction\":[{\"@type\":\"SearchAction\",\"target\":{\"@type\":\"EntryPoint\",\"urlTemplate\":\"https:\\\/\\\/eufonic.net\\\/?s={search_term_string}\"},\"query-input\":{\"@type\":\"PropertyValueSpecification\",\"valueRequired\":true,\"valueName\":\"search_term_string\"}}],\"inLanguage\":\"es-ES\"},{\"@type\":\"Organization\",\"@id\":\"https:\\\/\\\/eufonic.net\\\/#organization\",\"name\":\"Euf\u00f2nic\",\"url\":\"https:\\\/\\\/eufonic.net\\\/\",\"logo\":{\"@type\":\"ImageObject\",\"inLanguage\":\"es-ES\",\"@id\":\"https:\\\/\\\/eufonic.net\\\/#\\\/schema\\\/logo\\\/image\\\/\",\"url\":\"https:\\\/\\\/eufonic.net\\\/wp-content\\\/uploads\\\/Screen-Shot-2017-07-24-at-12.34.16.png\",\"contentUrl\":\"https:\\\/\\\/eufonic.net\\\/wp-content\\\/uploads\\\/Screen-Shot-2017-07-24-at-12.34.16.png\",\"width\":198,\"height\":104,\"caption\":\"Euf\u00f2nic\"},\"image\":{\"@id\":\"https:\\\/\\\/eufonic.net\\\/#\\\/schema\\\/logo\\\/image\\\/\"},\"sameAs\":[\"https:\\\/\\\/www.facebook.com\\\/Eufonic\\\/\",\"https:\\\/\\\/x.com\\\/eufonic_fest\",\"https:\\\/\\\/www.instagram.com\\\/eufonic_fest\\\/\"]}]}<\/script>\n<!-- \/ Yoast SEO plugin. -->","yoast_head_json":{"title":"Euf\u00f2nic Pro","description":"Conecta con programadoras, comisarias, gestoras culturales, creadoras y artistas en Euf\u00f2nic PRO, el encuentro profesional de Euf\u00f2nic","robots":{"index":"index","follow":"follow","max-snippet":"max-snippet:-1","max-image-preview":"max-image-preview:large","max-video-preview":"max-video-preview:-1"},"canonical":"https:\/\/eufonic.net\/es\/eufonic-pro\/","og_locale":"es_ES","og_type":"article","og_title":"[:ca][:ca]Euf\u00f2nic Pro[:es]Euf\u00f2nic Pro[:en]Euf\u00f2nic Pro[:] &#8212; La trobada professional d'Euf\u00f2nic[:]","og_description":"[:ca]Conecta amb programadores, comiss\u00e0ries, gestores culturals, creadores i artistes a Euf\u00f2nic PRO, la trobada professional d\u2019Euf\u00f2nic[:es]Conecta con programadoras, comisarias, gestoras culturales, creadoras y artistas en Euf\u00f2nic PRO, el encuentro profesional de Euf\u00f2nic[:]","og_url":"https:\/\/eufonic.net\/es\/eufonic-pro\/","og_site_name":"Euf\u00f2nic","article_publisher":"https:\/\/www.facebook.com\/Eufonic\/","article_modified_time":"2025-09-09T10:08:54+00:00","og_image":[{"width":1193,"height":600,"url":"https:\/\/eufonic.net\/wp-content\/uploads\/noti_web_pro.jpg","type":"image\/jpeg"}],"twitter_card":"summary_large_image","twitter_site":"@eufonic_fest","twitter_misc":{"Tiempo de lectura":"2 minutos"},"schema":{"@context":"https:\/\/schema.org","@graph":[{"@type":"WebPage","@id":"https:\/\/eufonic.net\/en\/eufonic-pro\/","url":"https:\/\/eufonic.net\/en\/eufonic-pro\/","name":"Euf\u00f2nic Pro","isPartOf":{"@id":"https:\/\/eufonic.net\/#website"},"primaryImageOfPage":{"@id":"https:\/\/eufonic.net\/en\/eufonic-pro\/#primaryimage"},"image":{"@id":"https:\/\/eufonic.net\/en\/eufonic-pro\/#primaryimage"},"thumbnailUrl":"https:\/\/eufonic.net\/wp-content\/uploads\/noti_web_pro.jpg","datePublished":"2019-07-03T07:56:59+00:00","dateModified":"2025-09-09T10:08:54+00:00","description":"Conecta con programadoras, comisarias, gestoras culturales, creadoras y artistas en Euf\u00f2nic PRO, el encuentro profesional de Euf\u00f2nic","breadcrumb":{"@id":"https:\/\/eufonic.net\/en\/eufonic-pro\/#breadcrumb"},"inLanguage":"es-ES","potentialAction":[{"@type":"ReadAction","target":["https:\/\/eufonic.net\/en\/eufonic-pro\/"]}]},{"@type":"ImageObject","inLanguage":"es-ES","@id":"https:\/\/eufonic.net\/en\/eufonic-pro\/#primaryimage","url":"https:\/\/eufonic.net\/wp-content\/uploads\/noti_web_pro.jpg","contentUrl":"https:\/\/eufonic.net\/wp-content\/uploads\/noti_web_pro.jpg","width":1193,"height":600,"caption":"Euf\u00f2nic PRO 2025 - inscripcions obertes"},{"@type":"BreadcrumbList","@id":"https:\/\/eufonic.net\/en\/eufonic-pro\/#breadcrumb","itemListElement":[{"@type":"ListItem","position":1,"name":"Inici","item":"https:\/\/eufonic.net\/"},{"@type":"ListItem","position":2,"name":"Euf\u00f2nic Pro"}]},{"@type":"WebSite","@id":"https:\/\/eufonic.net\/#website","url":"https:\/\/eufonic.net\/","name":"Euf\u00f2nic","description":"Euf\u00f2nic 2023","publisher":{"@id":"https:\/\/eufonic.net\/#organization"},"potentialAction":[{"@type":"SearchAction","target":{"@type":"EntryPoint","urlTemplate":"https:\/\/eufonic.net\/?s={search_term_string}"},"query-input":{"@type":"PropertyValueSpecification","valueRequired":true,"valueName":"search_term_string"}}],"inLanguage":"es-ES"},{"@type":"Organization","@id":"https:\/\/eufonic.net\/#organization","name":"Euf\u00f2nic","url":"https:\/\/eufonic.net\/","logo":{"@type":"ImageObject","inLanguage":"es-ES","@id":"https:\/\/eufonic.net\/#\/schema\/logo\/image\/","url":"https:\/\/eufonic.net\/wp-content\/uploads\/Screen-Shot-2017-07-24-at-12.34.16.png","contentUrl":"https:\/\/eufonic.net\/wp-content\/uploads\/Screen-Shot-2017-07-24-at-12.34.16.png","width":198,"height":104,"caption":"Euf\u00f2nic"},"image":{"@id":"https:\/\/eufonic.net\/#\/schema\/logo\/image\/"},"sameAs":["https:\/\/www.facebook.com\/Eufonic\/","https:\/\/x.com\/eufonic_fest","https:\/\/www.instagram.com\/eufonic_fest\/"]}]}},"_links":{"self":[{"href":"https:\/\/eufonic.net\/es\/wp-json\/wp\/v2\/pages\/5699","targetHints":{"allow":["GET"]}}],"collection":[{"href":"https:\/\/eufonic.net\/es\/wp-json\/wp\/v2\/pages"}],"about":[{"href":"https:\/\/eufonic.net\/es\/wp-json\/wp\/v2\/types\/page"}],"author":[{"embeddable":true,"href":"https:\/\/eufonic.net\/es\/wp-json\/wp\/v2\/users\/2"}],"replies":[{"embeddable":true,"href":"https:\/\/eufonic.net\/es\/wp-json\/wp\/v2\/comments?post=5699"}],"version-history":[{"count":6,"href":"https:\/\/eufonic.net\/es\/wp-json\/wp\/v2\/pages\/5699\/revisions"}],"predecessor-version":[{"id":13840,"href":"https:\/\/eufonic.net\/es\/wp-json\/wp\/v2\/pages\/5699\/revisions\/13840"}],"wp:featuredmedia":[{"embeddable":true,"href":"https:\/\/eufonic.net\/es\/wp-json\/wp\/v2\/media\/13061"}],"wp:attachment":[{"href":"https:\/\/eufonic.net\/es\/wp-json\/wp\/v2\/media?parent=5699"}],"curies":[{"name":"wp","href":"https:\/\/api.w.org\/{rel}","templated":true}]}}